{"id":15211,"date":"2023-02-02T10:00:10","date_gmt":"2023-02-02T15:00:10","guid":{"rendered":"\/be-mine-bundle\/"},"modified":"2025-03-13T11:20:14","modified_gmt":"2025-03-13T15:20:14","slug":"be-mine-bundle","status":"publish","type":"page","link":"\/es\/be-mine-bundle\/","title":{"rendered":"PAQUETE BE MINE"},"content":{"rendered":"<p>[et_pb_section fb_built=&#8221;1&#8243; specialty=&#8221;on&#8221; _builder_version=&#8221;4.16&#8243; _module_preset=&#8221;default&#8221; global_colors_info=&#8221;{}&#8221;][et_pb_column type=&#8221;1_2&#8243; _builder_version=&#8221;4.16&#8243; custom_padding=&#8221;|||&#8221; global_colors_info=&#8221;{}&#8221; custom_padding__hover=&#8221;|||&#8221;][et_pb_gallery gallery_ids=&#8221;8612&#8243; fullwidth=&#8221;on&#8221; _builder_version=&#8221;4.16&#8243; _module_preset=&#8221;default&#8221; global_colors_info=&#8221;{}&#8221;][\/et_pb_gallery][et_pb_gallery gallery_ids=&#8221;15096,15097,15095&#8243; fullwidth=&#8221;on&#8221; admin_label=&#8221;Gallery&#8221; _builder_version=&#8221;4.23.2&#8243; _module_preset=&#8221;default&#8221; width=&#8221;100%&#8221; custom_margin=&#8221;|-40px||||&#8221; custom_padding=&#8221;||0px|||&#8221; locked=&#8221;off&#8221; global_colors_info=&#8221;{}&#8221;][\/et_pb_gallery][\/et_pb_column][et_pb_column type=&#8221;1_2&#8243; specialty_columns=&#8221;2&#8243; _builder_version=&#8221;4.16&#8243; custom_padding=&#8221;|||&#8221; global_colors_info=&#8221;{}&#8221; custom_padding__hover=&#8221;|||&#8221;][et_pb_row_inner _builder_version=&#8221;4.16&#8243; _module_preset=&#8221;default&#8221; global_colors_info=&#8221;{}&#8221;][et_pb_column_inner saved_specialty_column_type=&#8221;1_2&#8243; _builder_version=&#8221;4.16&#8243; _module_preset=&#8221;default&#8221; global_colors_info=&#8221;{}&#8221;][et_pb_text _builder_version=&#8221;4.27.0&#8243; _module_preset=&#8221;default&#8221; text_font=&#8221;Lato||||||||&#8221; text_text_color=&#8221;#000000&#8243; text_font_size=&#8221;16px&#8221; text_line_height=&#8221;1.5em&#8221; header_font=&#8221;Tenor Sans|700|||||||&#8221; header_text_color=&#8221;#000000&#8243; header_font_size=&#8221;28px&#8221; header_line_height=&#8221;1.5em&#8221; custom_margin=&#8221;10px||10px||false|false&#8221; custom_padding=&#8221;10px||10px||false|false&#8221; hover_enabled=&#8221;0&#8243; global_colors_info=&#8221;{}&#8221; sticky_enabled=&#8221;0&#8243;]<\/p>\n<h1>PAQUETE BE MINE<\/h1>\n<p>Este mes, difundimos el amor con este paquete exclusivo. Dise\u00f1ado pensando en la salud y el resplandor de tu piel, este paquete presenta dos productos que promueven una piel saludable y luminosa.<\/p>\n<p><strong>GLOW:<\/strong> Enam\u00f3rate de cuidar tu piel desde el interior con nuestras gomitas potenciadoras del col\u00e1geno. Estas deliciosas gomitas est\u00e1n repletas de nutrientes esenciales que favorecen la salud de la piel, la elasticidad y un brillo juvenil.<\/p>\n<p><strong>BLISS<\/strong>: Elige entre el vigorizante aroma a menta o el refrescante aroma c\u00edtrico. Este lujoso exfoliante elimina suavemente las c\u00e9lulas muertas y las impurezas de la piel, dej\u00e1ndola suave, tersa y profundamente hidratada.<\/p>\n<p>\u00a1Haga su pedido AHORA! Este paquete s\u00f3lo estar\u00e1 disponible hasta las 11:59 pm EST del 29 de febrero.<\/p>\n<p>*TODAS LAS VENTAS SON FINALES*<\/p>\n<p><strong>$90.00 AL POR MENOR<\/strong><\/p>\n<p><strong>$81.00 VIP<\/strong><\/p>\n<p><strong>(VALOR DE $107.00)<\/strong><\/p>\n<p>[\/et_pb_text][\/et_pb_column_inner][\/et_pb_row_inner][et_pb_row_inner _builder_version=&#8221;4.16&#8243; _module_preset=&#8221;default&#8221; custom_padding=&#8221;0px||0px|||&#8221; link_option_url=&#8221;https:\/\/shop.bydesign.com\/Bravenly\/#\/shop\/detail\/GOLDBREW\/from\/B5231285&#8221; global_colors_info=&#8221;{}&#8221;][et_pb_column_inner saved_specialty_column_type=&#8221;1_2&#8243; _builder_version=&#8221;4.16&#8243; _module_preset=&#8221;default&#8221; global_colors_info=&#8221;{}&#8221;][et_pb_button button_url=&#8221;https:\/\/shop.bydesign.com\/Bravenly\/#\/shop\/detail\/BEMINE\/from\/B5231285&#8221; button_text=&#8221;A\u00d1ADIR AL CARRITO&#8221; _builder_version=&#8221;4.23.2&#8243; _module_preset=&#8221;default&#8221; custom_button=&#8221;on&#8221; button_text_size=&#8221;16px&#8221; button_text_color=&#8221;#000000&#8243; button_border_color=&#8221;#000000&#8243; button_font=&#8221;Lato||||||||&#8221; global_colors_info=&#8221;{}&#8221;][\/et_pb_button][\/et_pb_column_inner][\/et_pb_row_inner][\/et_pb_column][\/et_pb_section][et_pb_section fb_built=&#8221;1&#8243; _builder_version=&#8221;4.16&#8243; _module_preset=&#8221;default&#8221; global_colors_info=&#8221;{}&#8221;][et_pb_row _builder_version=&#8221;4.16&#8243; _module_preset=&#8221;default&#8221; min_height=&#8221;193px&#8221; custom_margin=&#8221;|auto|2px|auto||&#8221; custom_padding=&#8221;0px||0px|||&#8221; global_colors_info=&#8221;{}&#8221;][et_pb_column type=&#8221;4_4&#8243; _builder_version=&#8221;4.16&#8243; _module_preset=&#8221;default&#8221; global_colors_info=&#8221;{}&#8221;][et_pb_toggle title=&#8221;C\u00f3mo utilizarlo&#8221; open_toggle_text_color=&#8221;#000000&#8243; open_toggle_background_color=&#8221;#ffffff&#8221; closed_toggle_background_color=&#8221;#ffffff&#8221; _builder_version=&#8221;4.23.2&#8243; _module_preset=&#8221;default&#8221; title_text_color=&#8221;#000000&#8243; title_font=&#8221;Lato|700|||||||&#8221; closed_title_font=&#8221;Lato|700|||||||&#8221; closed_title_line_height=&#8221;1em&#8221; body_font=&#8221;Lato||||||||&#8221; body_text_color=&#8221;#000000&#8243; body_font_size=&#8221;16px&#8221; body_line_height=&#8221;1.5em&#8221; min_height=&#8221;59px&#8221; custom_margin=&#8221;2px||2px|||&#8221; custom_padding=&#8221;||12px|||&#8221; global_colors_info=&#8221;{}&#8221;]<\/p>\n<p class=\"p1\"><b>Bravenly BLISS: <\/b>Aplica una peque\u00f1a cantidad del producto sobre la piel h\u00fameda en la ducha y masajea suavemente el exfoliante en tu piel. Puede usarse en todo el cuerpo!<\/p>\n<p class=\"p1\"><em>PRECAUCI\u00d3N:<\/em> S\u00f3lo para uso externo. Este producto podr\u00eda hacer resbaladizos los espacios de ba\u00f1o y ducha. Tenga cuidado al utilizarlo.<\/p>\n<p>&nbsp;<\/p>\n<p class=\"p1\"><b>Bravenly GLOW: <\/b>Tomar 2 gomitas al d\u00eda.<\/p>\n<p class=\"p1\"><em>PRECAUCI\u00d3N:<\/em> No superar la dosis recomendada. Este producto no est\u00e1 destinado a mujeres embarazadas o en per\u00edodo de lactancia ni a ni\u00f1os menores de 18 a\u00f1os o personas con problemas m\u00e9dicos conocidos. Si tiene dudas sobre la conveniencia de tomar este producto, consulte a su m\u00e9dico antes de tomar \u00e9ste o cualquier suplemento diet\u00e9tico. Este producto se fabrica y envasa en una instalaci\u00f3n que tambi\u00e9n puede procesar leche, soja, trigo, huevo, man\u00ed, nueces, pescado y crust\u00e1ceos (mariscos).<\/p>\n<p>&nbsp;<\/p>\n<p class=\"p1\"><em>MANTENER FUERA DEL ALCANCE DE LOS NI\u00d1OS. NO UTILIZAR SI EL SELLADO DE SEGURIDAD EST\u00c1 DA\u00d1ADO O FALTA. GUARDAR EN UN LUGAR FRESCO Y SECO.<\/em><\/p>\n<p class=\"p1\"><em>Descargo de responsabilidad de la FDA: Estas declaraciones no han sido evaluadas por la Administraci\u00f3n de Alimentos y Medicamentos (FDA). Este producto no est\u00e1 destinado a diagnosticar, tratar, curar o prevenir ninguna enfermedad.<\/em><\/p>\n<p>[\/et_pb_toggle][et_pb_toggle title=&#8221;Detalles&#8221; open_toggle_text_color=&#8221;#000000&#8243; open_toggle_background_color=&#8221;#ffffff&#8221; closed_toggle_background_color=&#8221;#ffffff&#8221; _builder_version=&#8221;4.27.0&#8243; _module_preset=&#8221;default&#8221; title_text_color=&#8221;#000000&#8243; title_font=&#8221;Lato|700|||||||&#8221; closed_title_font=&#8221;Lato|700|||||||&#8221; closed_title_line_height=&#8221;1em&#8221; body_font=&#8221;Lato||||||||&#8221; body_text_color=&#8221;#000000&#8243; body_font_size=&#8221;16px&#8221; body_line_height=&#8221;1.5em&#8221; min_height=&#8221;59px&#8221; custom_margin=&#8221;2px||2px|||&#8221; custom_padding=&#8221;||12px|||&#8221; hover_enabled=&#8221;0&#8243; global_colors_info=&#8221;{}&#8221; sticky_enabled=&#8221;0&#8243;]<\/p>\n<p class=\"p1\">Dise\u00f1ado pensando en la salud y el resplandor de tu piel, este paquete incluye dos productos que ayudan a mantener una piel sana y luminosa.<\/p>\n<p><em>Included: Glow and your choice of BLISS<\/em><\/p>\n<p>[\/et_pb_toggle][et_pb_toggle title=&#8221;Ingredientes&#8221; open_toggle_text_color=&#8221;#000000&#8243; open_toggle_background_color=&#8221;#ffffff&#8221; closed_toggle_background_color=&#8221;#ffffff&#8221; _builder_version=&#8221;4.23.2&#8243; _module_preset=&#8221;default&#8221; title_text_color=&#8221;#000000&#8243; title_font=&#8221;Lato|700|||||||&#8221; closed_title_font=&#8221;Lato|700|||||||&#8221; closed_title_line_height=&#8221;1em&#8221; body_font=&#8221;Lato||||||||&#8221; body_text_color=&#8221;#000000&#8243; body_font_size=&#8221;16px&#8221; body_line_height=&#8221;1.5em&#8221; min_height=&#8221;59px&#8221; custom_margin=&#8221;2px||2px|||&#8221; custom_padding=&#8221;||12px|||&#8221; global_colors_info=&#8221;{}&#8221;]<\/p>\n<p class=\"p1\"><b>Bravenly CITRUS BLISS:<\/b><span class=\"Apple-converted-space\"> <\/span><\/p>\n<p class=\"p1\">Cloruro de sodio (Sal del Mar Muerto), Glicerina, Aceite de Cocos Nucifera (Coco), Extracto de Cocos Nucifera, Aceite de Semilla de Simmondsia Chinensis (Jojoba), Extracto de Avena Sativa (Avena), Extracto de Flor de Arnica Montana, Tocoferol (Vitamina E), Aceite de Semilla de Helianthus Annuus (Girasol), y una Mezcla de Aceites Esenciales.<\/p>\n<p class=\"p1\">La mezcla de aceites esenciales incluye: Naranja Silvestre, Lim\u00f3n, Pomelo, Mandarina, Mandarina, y Clementina.<\/p>\n<p>&nbsp;<\/p>\n<p class=\"p1\"><strong>Bravenly PEPPERMINT BLISS:<\/strong><\/p>\n<p>Cloruro de sodio (sal del Mar Muerto), Glicerina, Aceite de Cocos Nucifera (Coco), Extracto de Cocos Nucifera, Aceite de Semilla de Simmondsia Chinensis (Jojoba), Extracto de Avena Sativa (Avena), Extracto de Flor de Arnica Montana, Tocoferol (Vitamina E), Aceite de Semilla de Helianthus Annuus (Girasol), Aceite de Mentha Piperita (Menta).<\/p>\n<p>&nbsp;<\/p>\n<p><b>Bravenly GLOW: <\/b><\/p>\n<p class=\"p1\">La vitamina A (como Palmitato de Retinilo) &#8211; 600 mcg RAE<br \/>Vitamina C (como \u00c1cido Asc\u00f3rbico) &#8211; 40 mg<br \/>Vitamina E (como D-Alfa Tocoferil) &#8211; 6.72 mg<br \/>\u00c1cido F\u00f3lico (como 100 mcg de Calcio L-5-Metilfolato) &#8211; 167 mcg DFE<br \/>\u00c1cido Pantot\u00e9nico (como D-Pantotenato de Calcio) &#8211; 5 mg<br \/>Zinc (como Citrato de Zinc) &#8211; 2 mg<\/p>\n<p>Mezcla Patentada de Bravenly:<br \/>Hoja de Knotweed Japon\u00e9s, Fruta Ama, Cola de Caballo, Glicina, L-Lisina, L-Prolina,<br \/>Di\u00f3xido de Silicio (como Extracto de Bamb\u00fa),<br \/>Semilla de Uva, PABA<\/p>\n<p>Otros Ingredientes:<br \/>Jarabe de Glucosa, Az\u00facar, Pectina, Glicerina, Aceite MCT, \u00c1cido C\u00edtrico, Citrato de Sodio, Sabor Natural de Frambuesa, Sabor Natural de Sand\u00eda, Aceite Vegetal, Concentrado de Jugo de Zanahoria Morada, Cera de Carnauba.<\/p>\n<p>[\/et_pb_toggle][et_pb_toggle title=&#8221;Easy-Ship&#8221; open_toggle_text_color=&#8221;#000000&#8243; open_toggle_background_color=&#8221;#ffffff&#8221; closed_toggle_background_color=&#8221;#ffffff&#8221; _builder_version=&#8221;4.23.2&#8243; _module_preset=&#8221;default&#8221; title_text_color=&#8221;#000000&#8243; title_font=&#8221;Lato|700|||||||&#8221; closed_title_font=&#8221;Lato|700|||||||&#8221; closed_title_line_height=&#8221;1em&#8221; body_font=&#8221;Lato||||||||&#8221; body_text_color=&#8221;#000000&#8243; body_font_size=&#8221;16px&#8221; body_line_height=&#8221;1.5em&#8221; min_height=&#8221;59px&#8221; custom_margin=&#8221;2px||2px|||&#8221; custom_padding=&#8221;||12px|||&#8221; global_colors_info=&#8221;{}&#8221;]<\/p>\n<p>Este paquete no est\u00e1 disponible en Easy-Ship.<\/p>\n<p>[\/et_pb_toggle][\/et_pb_column][\/et_pb_row][\/et_pb_section][et_pb_section fb_built=&#8221;1&#8243; _builder_version=&#8221;4.16&#8243; _module_preset=&#8221;default&#8221; global_colors_info=&#8221;{}&#8221;][et_pb_row _builder_version=&#8221;4.16&#8243; _module_preset=&#8221;default&#8221; global_colors_info=&#8221;{}&#8221;][et_pb_column type=&#8221;4_4&#8243; _builder_version=&#8221;4.16&#8243; _module_preset=&#8221;default&#8221; global_colors_info=&#8221;{}&#8221;][et_pb_text _builder_version=&#8221;4.16&#8243; _module_preset=&#8221;default&#8221; text_font=&#8221;Lato||||||||&#8221; text_text_color=&#8221;#000000&#8243; text_font_size=&#8221;19px&#8221; border_width_all=&#8221;2px&#8221; global_colors_info=&#8221;{}&#8221;]<\/p>\n<p><span>\u2020Estas afirmaciones no han sido evaluadas por la Administraci\u00f3n de Alimentos y Medicamentos (FDA). Este producto no est\u00e1 destinado a diagnosticar, tratar, curar o prevenir ninguna enfermedad.<\/span><\/p>\n<p>[\/et_pb_text][\/et_pb_column][\/et_pb_row][\/et_pb_section][et_pb_section fb_built=&#8221;1&#8243; _builder_version=&#8221;4.16&#8243; background_enable_image=&#8221;off&#8221; background_position=&#8221;bottom_center&#8221; min_height=&#8221;762px&#8221; custom_margin=&#8221;||-100px||false|false&#8221; custom_padding=&#8221;1px|0px|0px|0px||&#8221; global_colors_info=&#8221;{}&#8221;][et_pb_row column_structure=&#8221;1_2,1_2&#8243; admin_label=&#8221;CTA Row&#8221; _builder_version=&#8221;4.16&#8243; min_height=&#8221;525px&#8221; custom_margin=&#8221;|auto|1px|auto||&#8221; custom_padding=&#8221;||0px|||&#8221; global_colors_info=&#8221;{}&#8221;][et_pb_column type=&#8221;1_2&#8243; _builder_version=&#8221;4.16&#8243; _module_preset=&#8221;default&#8221; global_colors_info=&#8221;{}&#8221;][et_pb_image src=&#8221;\/wp-content\/uploads\/2023\/01\/BUNDLE.png&#8221; title_text=&#8221;PAQUETE&#8221; align=&#8221;center&#8221; src_tablet=&#8221;\/wp-content\/uploads\/2023\/01\/BUNDLE.png&#8221; src_phone=&#8221;\/wp-content\/uploads\/2023\/01\/BUNDLE.png&#8221; src_last_edited=&#8221;on|phone&#8221; align_tablet=&#8221;center&#8221; align_phone=&#8221;&#8221; align_last_edited=&#8221;on|desktop&#8221; admin_label=&#8221;Cleanses Image&#8221; _builder_version=&#8221;4.16&#8243; width=&#8221;100%&#8221; min_height=&#8221;314px&#8221; min_height_tablet=&#8221;316px&#8221; min_height_phone=&#8221;157px&#8221; min_height_last_edited=&#8221;on|phone&#8221; height=&#8221;220px&#8221; custom_margin=&#8221;5px||45px||false|false&#8221; custom_padding=&#8221;|5px|50px|5px|false|false&#8221; global_colors_info=&#8221;{}&#8221;][\/et_pb_image][\/et_pb_column][et_pb_column type=&#8221;1_2&#8243; _builder_version=&#8221;4.16&#8243; custom_padding=&#8221;|||&#8221; global_colors_info=&#8221;{}&#8221; custom_padding__hover=&#8221;|||&#8221;][et_pb_cta title=&#8221;POR QU\u00c9 CREAMOS LOS PAQUETES DE BRAVENLY&#8221; button_url=&#8221;\/es\/packages-and-offers\/&#8221; url_new_window=&#8221;on&#8221; button_text=&#8221;VER TODOS LOS PAQUETES&#8221; admin_label=&#8221;T\u00edtulo, P\u00e1rrafo &amp; Llamada a la acci\u00f3n&#8221; _builder_version=&#8221;4.23.2&#8243; header_font=&#8221;Tenor Sans|||on|||||&#8221; header_text_color=&#8221;#000000&#8243; header_font_size=&#8221;28px&#8221; header_line_height=&#8221;1.5em&#8221; body_font=&#8221;Lato||||||||&#8221; body_text_color=&#8221;#000000&#8243; body_font_size=&#8221;16px&#8221; body_line_height=&#8221;1.5em&#8221; use_background_color=&#8221;off&#8221; custom_button=&#8221;on&#8221; button_text_size=&#8221;16px&#8221; button_text_color=&#8221;#000000&#8243; button_border_color=&#8221;#000000&#8243; button_font=&#8221;Lato||||||||&#8221; text_orientation=&#8221;left&#8221; background_layout=&#8221;light&#8221; min_height=&#8221;386px&#8221; custom_margin=&#8221;-8px|||||&#8221; custom_margin_tablet=&#8221;0px|||&#8221; custom_margin_phone=&#8221;5px||100px||false|false&#8221; custom_margin_last_edited=&#8221;on|tablet&#8221; custom_padding=&#8221;||60px||false|false&#8221; custom_padding_tablet=&#8221;&#8221; custom_padding_phone=&#8221;5px||150px||false|false&#8221; custom_padding_last_edited=&#8221;on|phone&#8221; link_option_url_new_window=&#8221;on&#8221; button_text_color_hover=&#8221;#ffffff&#8221; button_border_color_hover=&#8221;rgba(0,0,0,0)&#8221; button_border_radius_hover=&#8221;28px&#8221; button_letter_spacing_hover=&#8221;2px&#8221; button_bg_color_hover=&#8221;rgba(0,0,0,0.7)&#8221; global_colors_info=&#8221;{}&#8221; button_text_size__hover_enabled=&#8221;off&#8221; button_one_text_size__hover_enabled=&#8221;off&#8221; button_two_text_size__hover_enabled=&#8221;off&#8221; button_text_color__hover_enabled=&#8221;on&#8221; button_text_color__hover=&#8221;#ffffff&#8221; button_one_text_color__hover_enabled=&#8221;off&#8221; button_two_text_color__hover_enabled=&#8221;off&#8221; button_border_width__hover_enabled=&#8221;off&#8221; button_one_border_width__hover_enabled=&#8221;off&#8221; button_two_border_width__hover_enabled=&#8221;off&#8221; button_border_color__hover_enabled=&#8221;on&#8221; button_border_color__hover=&#8221;rgba(0,0,0,0)&#8221; button_one_border_color__hover_enabled=&#8221;off&#8221; button_two_border_color__hover_enabled=&#8221;off&#8221; button_border_radius__hover_enabled=&#8221;on&#8221; button_border_radius__hover=&#8221;28px&#8221; button_one_border_radius__hover_enabled=&#8221;off&#8221; button_two_border_radius__hover_enabled=&#8221;off&#8221; button_letter_spacing__hover_enabled=&#8221;on&#8221; button_letter_spacing__hover=&#8221;2px&#8221; button_one_letter_spacing__hover_enabled=&#8221;off&#8221; button_two_letter_spacing__hover_enabled=&#8221;off&#8221; button_bg_color__hover_enabled=&#8221;on&#8221; button_bg_color__hover=&#8221;rgba(0,0,0,0.7)&#8221; button_one_bg_color__hover_enabled=&#8221;off&#8221; button_two_bg_color__hover_enabled=&#8221;off&#8221;]<\/p>\n<p>&nbsp;<\/p>\n<p><span class=\"JsGRdQ\">Esto hace que combinar los productos perfectos sea mucho m\u00e1s f\u00e1cil y barato para TI.<\/span><\/p>\n<p>Cada paquete se adapta a sus objetivos espec\u00edficos y a lo que es mejor para su rutina y estilo de vida.<\/p>\n<p>Hemos combinado algunas de nuestras combinaciones de productos m\u00e1s populares de nuestros clientes m\u00e1s frecuentes &#8211; \u00a1as\u00ed que son combinaciones en las que sabes que puedes confiar!<\/p>\n<p>Por \u00faltimo, pero no menos importante, emparejamos la cantidad adecuada de porciones de producto que necesitas por paquete, \u00a1para que tengas el suministro adecuado hasta que necesites hacer otro pedido!<\/p>\n<p>(Suscr\u00edbase a nuestro Easy-Ship para asegurarse de recibir sus productos a tiempo todos los meses).<\/p>\n<p>&nbsp;<\/p>\n<p>[\/et_pb_cta][\/et_pb_column][\/et_pb_row][\/et_pb_section]<\/p>\n","protected":false},"excerpt":{"rendered":"<p>PAQUETE BE MINE Este mes, difundimos el amor con este paquete exclusivo. Dise\u00f1ado pensando en la salud y el resplandor de tu piel, este paquete presenta dos productos que promueven una piel saludable y luminosa. GLOW: Enam\u00f3rate de cuidar tu piel desde el interior con nuestras gomitas potenciadoras del col\u00e1geno. Estas deliciosas gomitas est\u00e1n repletas [&hellip;]<\/p>\n","protected":false},"author":191432657,"featured_media":0,"parent":0,"menu_order":0,"comment_status":"closed","ping_status":"closed","template":"","meta":{"_et_pb_use_builder":"on","_et_pb_old_content":"","_et_gb_content_width":"","_coblocks_attr":"","_coblocks_dimensions":"","_coblocks_responsive_height":"","_coblocks_accordion_ie_support":"","footnotes":""},"class_list":["post-15211","page","type-page","status-publish","hentry"],"_links":{"self":[{"href":"https:\/\/rebeccawilliams.bravenlyglobal.com\/es\/wp-json\/wp\/v2\/pages\/15211","targetHints":{"allow":["GET"]}}],"collection":[{"href":"https:\/\/rebeccawilliams.bravenlyglobal.com\/es\/wp-json\/wp\/v2\/pages"}],"about":[{"href":"https:\/\/rebeccawilliams.bravenlyglobal.com\/es\/wp-json\/wp\/v2\/types\/page"}],"author":[{"embeddable":true,"href":"https:\/\/rebeccawilliams.bravenlyglobal.com\/es\/wp-json\/wp\/v2\/users\/191432657"}],"replies":[{"embeddable":true,"href":"https:\/\/rebeccawilliams.bravenlyglobal.com\/es\/wp-json\/wp\/v2\/comments?post=15211"}],"version-history":[{"count":5,"href":"https:\/\/rebeccawilliams.bravenlyglobal.com\/es\/wp-json\/wp\/v2\/pages\/15211\/revisions"}],"predecessor-version":[{"id":21449,"href":"https:\/\/rebeccawilliams.bravenlyglobal.com\/es\/wp-json\/wp\/v2\/pages\/15211\/revisions\/21449"}],"wp:attachment":[{"href":"https:\/\/rebeccawilliams.bravenlyglobal.com\/es\/wp-json\/wp\/v2\/media?parent=15211"}],"curies":[{"name":"wp","href":"https:\/\/api.w.org\/{rel}","templated":true}]}}